{"id":426,"date":"2021-03-29T19:16:40","date_gmt":"2021-03-29T17:16:40","guid":{"rendered":"http:\/\/imaginesvitae.com\/?page_id=426"},"modified":"2023-01-06T18:02:18","modified_gmt":"2023-01-06T17:02:18","slug":"association-imagines-vitae-nogent-sur-marne","status":"publish","type":"page","link":"https:\/\/imaginesvitae.com\/?page_id=426","title":{"rendered":"A propos d&rsquo;Imagines vitae"},"content":{"rendered":"\n<p class=\"has-text-align-center\"><br><\/p>\n\n\n\n<p class=\"has-text-align-center\">L\u2019association IMAGINES VITAE, m\u00e8ne une recherche sur la valorisation de l\u2019espace urbain <br>et des \u00ab&nbsp;murs des villes&nbsp;\u00bb comme un support d\u2019images qui s\u2019adressent directement aux <br>habitants, leur demandant un arr\u00eat et un regard sur des r\u00e9cits, des valeurs symboliques, <br>des biens culturels \u00e0 partager.<br><br><\/p>\n\n\n\n<p class=\"has-text-align-center\"><br>Association culturelle r\u00e9gie par loi du 1er juillet 1901<br><strong>43, avenue de Joinville \u2013 94130 Nogent-sur-Marne<\/strong><br>studio@imaginesvitae.com<\/p>\n\n\n\n<p><\/p>\n","protected":false},"excerpt":{"rendered":"<p>L\u2019association IMAGINES VITAE, m\u00e8ne une recherche sur la valorisation de<\/p>\n<p class=\"more-link\"><a href=\"https:\/\/imaginesvitae.com\/?page_id=426\" class=\"readmore\">Continue reading&#8230;<span class=\"screen-reader-text\">A propos d&rsquo;Imagines vitae<\/span><\/a><\/p>\n","protected":false},"author":1,"featured_media":0,"parent":0,"menu_order":0,"comment_status":"closed","ping_status":"closed","template":"","meta":[],"_links":{"self":[{"href":"https:\/\/imaginesvitae.com\/index.php?rest_route=\/wp\/v2\/pages\/426"}],"collection":[{"href":"https:\/\/imaginesvitae.com\/index.php?rest_route=\/wp\/v2\/pages"}],"about":[{"href":"https:\/\/imaginesvitae.com\/index.php?rest_route=\/wp\/v2\/types\/page"}],"author":[{"embeddable":true,"href":"https:\/\/imaginesvitae.com\/index.php?rest_route=\/wp\/v2\/users\/1"}],"replies":[{"embeddable":true,"href":"https:\/\/imaginesvitae.com\/index.php?rest_route=%2Fwp%2Fv2%2Fcomments&post=426"}],"version-history":[{"count":8,"href":"https:\/\/imaginesvitae.com\/index.php?rest_route=\/wp\/v2\/pages\/426\/revisions"}],"predecessor-version":[{"id":671,"href":"https:\/\/imaginesvitae.com\/index.php?rest_route=\/wp\/v2\/pages\/426\/revisions\/671"}],"wp:attachment":[{"href":"https:\/\/imaginesvitae.com\/index.php?rest_route=%2Fwp%2Fv2%2Fmedia&parent=426"}],"curies":[{"name":"wp","href":"https:\/\/api.w.org\/{rel}","templated":true}]}}