{"id":429,"date":"2021-03-29T19:28:07","date_gmt":"2021-03-29T17:28:07","guid":{"rendered":"http:\/\/imaginesvitae.com\/?page_id=429"},"modified":"2023-01-09T09:05:16","modified_gmt":"2023-01-09T08:05:16","slug":"mai-duong-photographe","status":"publish","type":"page","link":"https:\/\/imaginesvitae.com\/?page_id=429","title":{"rendered":"A propos de Mai Duong Photographe"},"content":{"rendered":"\n<p><br><\/p>\n\n\n\n<div class=\"wp-block-columns\">\n<div class=\"wp-block-column\" style=\"flex-basis:100%\">\n<div class=\"wp-block-columns\">\n<div class=\"wp-block-column\">\n<div class=\"wp-block-image\"><figure class=\"aligncenter size-large is-resized\"><img loading=\"lazy\" src=\"https:\/\/imaginesvitae.com\/wp-content\/uploads\/2021\/04\/Sans-titre.jpg\" alt=\"\" class=\"wp-image-787\" width=\"455\" height=\"459\" srcset=\"https:\/\/imaginesvitae.com\/wp-content\/uploads\/2021\/04\/Sans-titre.jpg 225w, https:\/\/imaginesvitae.com\/wp-content\/uploads\/2021\/04\/Sans-titre-150x150.jpg 150w, https:\/\/imaginesvitae.com\/wp-content\/uploads\/2021\/04\/Sans-titre-50x50.jpg 50w\" sizes=\"(max-width: 455px) 100vw, 455px\" \/><\/figure><\/div>\n<\/div>\n<\/div>\n<\/div>\n<\/div>\n\n\n\n<p>N\u00e9e \u00e0 Limoges, de m\u00e8re espagnole et de p\u00e8re vietnamien, vit et travaille en France.<\/p>\n\n\n\n<p>Etudes sup\u00e9rieures de math\u00e9matiques.<br><\/p>\n\n\n\n<h3><strong><strong>Publications<\/strong><\/strong><\/h3>\n\n\n\n<p>New-York Times magazine, Elle, Vogue Allemagne, Intramuros, Irude.<br><\/p>\n\n\n\n<h3><strong>Photos documentaires, installations urbaines<\/strong><\/h3>\n\n\n\n<ul><li><strong>\u00ab&nbsp; Ma vie et mon travail&nbsp;\u00bb VIVRE AUTREMENT, <\/strong>2019<br>D\u00e9mystifions le handicap&nbsp;: une&nbsp; installation urbaine de 50 m\u00e8tres \u00e0 Saint Denis <strong>m\u00e8tres<\/strong> constitu\u00e9s par un encha\u00eenement d\u2019images, chacune d\u2019elles est&nbsp; con\u00e7ue comme une composition photographique centr\u00e9e sur le portrait d\u2019une personne en situation&nbsp; de handicap<\/li><\/ul>\n\n\n\n<ul><li><strong>\u00ab&nbsp;Du cri \u00e0 la dignit\u00e9, fen\u00eatres sur la culture de l\u2019\u00e9galit\u00e9 \u00e0 Neuilly\u2013sur- Marne&nbsp;\u00bb  <\/strong>2020<br>5 installations dans la ville, un parcours photographique. \u00ab&nbsp;Du cri \u00e0 la dignit\u00e9&nbsp;\u00bb s\u2019inscrit dans cette tradition d\u2019art urbain, de po\u00e9sie en images qui s\u2019adresse directement aux passants qui d\u00e9ambulent, aux habitants qui se d\u00e9placent, bref \u00e0 tous ceux qui aiment humer l\u2019air de la ville.&nbsp;<em>\u00ab&nbsp;C\u2019est un r\u00e9cit sur la ville<\/em>,&nbsp;<em>pour la conna\u00eetre, pour afficher ses valeurs de solidarit\u00e9 et partager son histoire.&nbsp;\u00bb<\/em><\/li><\/ul>\n\n\n\n<ul><li>\u00ab&nbsp;<strong>Th\u00e9\u00e2traliser la distanciation&nbsp;<\/strong>\u00bb  2021<br>Photographie documentaire autour des habitants de la r\u00e9sidence autonomie&nbsp; Pierre B\u00e9r\u00e9govoy de Neuilly sur Marne. Comme des acteurs, ils ont interpr\u00e9t\u00e9 la distanciation au travers du portrait.<\/li><\/ul>\n\n\n\n<ul><li><strong>\u00ab&nbsp;Etre pr\u00e9sents, portraits d\u2019anc\u00eatres&nbsp;\u00bb<\/strong>  2021<br>Une&nbsp; installation de grands&nbsp; portraits&nbsp; de 2&#215;2 m\u00e8tres sur les arcades du viaduc de Nogent sur Marne qui restitue la dimension publique et sociale de l\u2019image des anc\u00eatres, patrimoine perdu de culture et d\u2019identit\u00e9. Ces portraits du grand \u00e2ge assum\u00e9, d\u2019artistes, de religieux, adressent \u00e0 chacun un appel \u00e0 la dignit\u00e9, \u00e0 l\u2019esp\u00e9rance et \u00e0 la d\u00e9fense de la vie.<\/li><\/ul>\n\n\n\n<ul><li><strong>\u00ab&nbsp;Le Cabinet imaginaire de Ma\u00eetre Dong HO&nbsp;\u00bb  <\/strong>Jardin d\u2019agronomie tropicale de Paris, 2022<br><strong>M\u00e9moire de vieillesse&nbsp;: <\/strong>Un projet qui convoque le pass\u00e9, le pr\u00e9sent, les arts, les mati\u00e8res, les souvenirs et l\u2019histoire. Des diptyques photographiques retracent ce r\u00eave et r\u00e9inventent un lieu pour donner forme \u00e0 la vie d\u2019un homme.<br><\/li><\/ul>\n\n\n\n<h3><strong>Cartes blanches&nbsp;: les Remarquables&nbsp;<\/strong><\/h3>\n\n\n\n<p>Visite les ateliers, les usines, entre dans leurs caves, parcourt leurs souterrains permettant un partage plus profond de tout cet engagement humain et esth\u00e9tique : une recherche d\u2019immortalit\u00e9. <br><br><strong>Portfolios r\u00e9alis\u00e9s<\/strong>&nbsp;: Dior&nbsp;\u00ab&nbsp;travelling dans les ateliers&nbsp;\u00bb ; la manufacture Baccarat ;&nbsp; le Monde d\u2019Herm\u00e8s&nbsp; \u00ab voyage dans&nbsp; les ateliers de&nbsp; corne et de laque au Vietnam&nbsp;\u00bb&nbsp;; Louis Vuitton et ses ateliers ; suivi de chantier du grand commun du Ch\u00e2teau de Versailles ; r\u00e9cit des 100 ans de La Veuve Clicquot Ponsardin ; r\u00e9cit autour des savoir-faire&nbsp; de la maison Guerlain  ;&nbsp; le mus\u00e9e des Arts d\u00e9coratifs : suivi de chantier lors de sa r\u00e9novation ; l\u2019art de l\u2019argent au sein de la maison Christofle, Paris rue Royale.<br><\/p>\n\n\n\n<h3><strong>Livres d\u2019artiste<\/strong><\/h3>\n\n\n\n<ul><li><strong>\u00ab&nbsp;Suivi artistique de chantier&nbsp;<\/strong>\u00bb  Livre r\u00e9alis\u00e9 lors de la r\u00e9novation du Mus\u00e9e des Arts D\u00e9coratifs de Paris<\/li><li>\u00ab&nbsp;<strong>Le voyage des femmes, le trouble des hommes&nbsp;<\/strong>\u00bb   Mon journal intime 1999\/2000<\/li><li>\u00ab&nbsp;<strong>Ex Saigon&nbsp;<\/strong>\u00bb  Reconstitution imaginaire d\u2019un album de famille<\/li><\/ul>\n\n\n\n<p><\/p>\n\n\n\n<h3><strong>Expositions<\/strong><\/h3>\n\n\n\n<ul><li>\u00ab&nbsp;Women travellers&nbsp;\u00bb  exposition de groupe <strong>&nbsp;Staley Wise Galery, New-York, <\/strong>1988<\/li><li>\u00ab&nbsp;Dior architecte de la mode&nbsp;\u00bb  exposition de groupe au <strong>Mus\u00e9e Dior, Grandville, <\/strong>2001<\/li><li>\u00ab&nbsp;Le voyage des femmes, le trouble des hommes&nbsp;\u00bb&nbsp; exposition personnelle  <strong>Mois de la photo, Paris, <\/strong>2006<\/li><li>\u00ab&nbsp;Livre d\u2019artiste&nbsp;\u00bb  recherche&nbsp; sur le rapport texte et photographie, exposition de groupe&nbsp; <strong>La Galerie<\/strong>, <strong>Gen\u00e8ve, <\/strong>2007<\/li><li>\u00ab Le nu&nbsp;\u00bb&nbsp; exposition de groupe \u00e0 <strong>l\u2019Espace Kobler, Gen\u00e8ve, <\/strong>2013<\/li><li>\u00ab The Shadow of Number \u00bb  exposition de groupe&nbsp; photos des escaliers de Paris  <strong>Galerie Ille Art &#8211; Amagansett, New York<\/strong>, 2016<\/li><li>\u00ab Portraits d\u2019artistes \u00bb  <strong>Galerie de l\u2019Instant Paris,<\/strong> 2016 et 2017<\/li><li>\u00ab Le cabinet imaginaire de Ma\u00eetre Dong Ho \u00bb  <strong>Galerie du c\u00f4t\u00e9 de chez Loan,<\/strong> 2022<br><\/li><\/ul>\n\n\n\n<h3><strong><strong>Projets en cours<\/strong><\/strong><\/h3>\n\n\n\n<ul><li>\u00ab\u00a0Le geste retrouve le temps\u00a0\u00bb<\/li><li>\u00ab\u00a0Il aurait fallu conserver notre jardin, le jardin \u00e9r\u00e9mitique apr\u00e8s extension\u00a0\u00bb<\/li><li>\u00ab\u00a0Archives du M\u00e9kong\u00a0\u00bb<br><br><br><\/li><\/ul>\n\n\n\n<h2 class=\"has-text-align-center\"><a rel=\"noreferrer noopener\" href=\"https:\/\/www.maiduongphotographer.com\/\" target=\"_blank\">https:\/\/www.maiduongphotographer.com\/<\/a><\/h2>\n","protected":false},"excerpt":{"rendered":"<p>N\u00e9e \u00e0 Limoges, de m\u00e8re espagnole et de p\u00e8re vietnamien,<\/p>\n<p class=\"more-link\"><a href=\"https:\/\/imaginesvitae.com\/?page_id=429\" class=\"readmore\">Continue reading&#8230;<span class=\"screen-reader-text\">A propos de Mai Duong Photographe<\/span><\/a><\/p>\n","protected":false},"author":1,"featured_media":0,"parent":0,"menu_order":0,"comment_status":"closed","ping_status":"closed","template":"","meta":[],"_links":{"self":[{"href":"https:\/\/imaginesvitae.com\/index.php?rest_route=\/wp\/v2\/pages\/429"}],"collection":[{"href":"https:\/\/imaginesvitae.com\/index.php?rest_route=\/wp\/v2\/pages"}],"about":[{"href":"https:\/\/imaginesvitae.com\/index.php?rest_route=\/wp\/v2\/types\/page"}],"author":[{"embeddable":true,"href":"https:\/\/imaginesvitae.com\/index.php?rest_route=\/wp\/v2\/users\/1"}],"replies":[{"embeddable":true,"href":"https:\/\/imaginesvitae.com\/index.php?rest_route=%2Fwp%2Fv2%2Fcomments&post=429"}],"version-history":[{"count":36,"href":"https:\/\/imaginesvitae.com\/index.php?rest_route=\/wp\/v2\/pages\/429\/revisions"}],"predecessor-version":[{"id":1000,"href":"https:\/\/imaginesvitae.com\/index.php?rest_route=\/wp\/v2\/pages\/429\/revisions\/1000"}],"wp:attachment":[{"href":"https:\/\/imaginesvitae.com\/index.php?rest_route=%2Fwp%2Fv2%2Fmedia&parent=429"}],"curies":[{"name":"wp","href":"https:\/\/api.w.org\/{rel}","templated":true}]}}